{"id":8090,"date":"2023-09-19T14:35:53","date_gmt":"2023-09-19T17:35:53","guid":{"rendered":"https:\/\/radiocentralferroviaria.wordpress.com\/?page_id=8090"},"modified":"2023-09-19T14:35:53","modified_gmt":"2023-09-19T17:35:53","slug":"viernes-chuncano","status":"publish","type":"page","link":"https:\/\/radioferroviaria.com.ar\/?page_id=8090","title":{"rendered":"Viernes Chuncano"},"content":{"rendered":"\n<p>Escuchanos en el aire de la 107.7 todos los Viernes de 11 a 14 hs.<\/p>\n\n\n\n<p>Producci\u00f3n y Conducci\u00f3n : Vir Artaza<\/p>\n\n\n\n<p>Operaci\u00f3n T\u00e9cnica : Nadia Campos <\/p>\n\n\n\n<figure class=\"wp-block-image size-large\"><img decoding=\"async\" src=\"https:\/\/radiocentralferroviaria.files.wordpress.com\/2023\/09\/whatsapp-image-2023-09-01-at-11.14.03.jpeg?w=1024\" alt=\"\" class=\"wp-image-8098\" \/><\/figure>\n\n\n\n<p style=\"font-style:normal;font-weight:800\">Programa n\u00b079 <\/p>\n\n\n\n<p><strong>1\u00b0 Parte<\/strong><\/p>\n\n\n\n<p><strong> <\/strong><!--[if lt IE 9]><script>document.createElement('audio');<\/script><![endif]-->\n<audio class=\"wp-audio-shortcode\" id=\"audio-8090-1\" preload=\"none\" style=\"width: 100%;\" controls=\"controls\"><source type=\"audio\/mpeg\" src=\"https:\/\/www.ivoox.com\/viernes-chuncano-programa-79-1ra-parte_md_115301799_wp_1.mp3?_=1\" \/><a href=\"https:\/\/www.ivoox.com\/viernes-chuncano-programa-79-1ra-parte_md_115301799_wp_1.mp3\">https:\/\/www.ivoox.com\/viernes-chuncano-programa-79-1ra-parte_md_115301799_wp_1.mp3<\/a><\/audio> <\/p>\n\n\n\n<p><strong>2\u00b0 Parte<\/strong> <\/p>\n\n\n\n<audio class=\"wp-audio-shortcode\" id=\"audio-8090-2\" preload=\"none\" style=\"width: 100%;\" controls=\"controls\"><source type=\"audio\/mpeg\" src=\"https:\/\/www.ivoox.com\/viernes-chuncano-programa-79-2da-parte_md_115302002_wp_1.mp3?_=2\" \/><a href=\"https:\/\/www.ivoox.com\/viernes-chuncano-programa-79-2da-parte_md_115302002_wp_1.mp3\">https:\/\/www.ivoox.com\/viernes-chuncano-programa-79-2da-parte_md_115302002_wp_1.mp3<\/a><\/audio>\n\n\n\n<p><strong>3\u00b0 Parte <\/strong><\/p>\n\n\n\n<audio class=\"wp-audio-shortcode\" id=\"audio-8090-3\" preload=\"none\" style=\"width: 100%;\" controls=\"controls\"><source type=\"audio\/mpeg\" src=\"https:\/\/www.ivoox.com\/viernes-chuncano-programa-79-parte-3_md_117004931_wp_1.mp3?_=3\" \/><a href=\"https:\/\/www.ivoox.com\/viernes-chuncano-programa-79-parte-3_md_117004931_wp_1.mp3\">https:\/\/www.ivoox.com\/viernes-chuncano-programa-79-parte-3_md_117004931_wp_1.mp3<\/a><\/audio>\n\n\n\n<p><strong>Programa n\u00b0 81 <\/strong><\/p>\n\n\n\n<p><strong>1\u00b0Parte <\/strong><\/p>\n\n\n\n<audio class=\"wp-audio-shortcode\" id=\"audio-8090-4\" preload=\"none\" style=\"width: 100%;\" controls=\"controls\"><source type=\"audio\/mpeg\" src=\"https:\/\/www.ivoox.com\/viernes-chuncano-programa-n-81_md_116998223_wp_1.mp3?_=4\" \/><a href=\"https:\/\/www.ivoox.com\/viernes-chuncano-programa-n-81_md_116998223_wp_1.mp3\">https:\/\/www.ivoox.com\/viernes-chuncano-programa-n-81_md_116998223_wp_1.mp3<\/a><\/audio>\n\n\n\n<p><strong>2\u00b0Parte<\/strong><\/p>\n\n\n\n<audio class=\"wp-audio-shortcode\" id=\"audio-8090-5\" preload=\"none\" style=\"width: 100%;\" controls=\"controls\"><source type=\"audio\/mpeg\" src=\"https:\/\/www.ivoox.com\/viernes-chuncano-programa-n-81-2-parte_md_116998369_wp_1.mp3?_=5\" \/><a href=\"https:\/\/www.ivoox.com\/viernes-chuncano-programa-n-81-2-parte_md_116998369_wp_1.mp3\">https:\/\/www.ivoox.com\/viernes-chuncano-programa-n-81-2-parte_md_116998369_wp_1.mp3<\/a><\/audio>\n\n\n\n<p><strong>3\u00b0Parte <\/strong><\/p>\n\n\n\n<audio class=\"wp-audio-shortcode\" id=\"audio-8090-6\" preload=\"none\" style=\"width: 100%;\" controls=\"controls\"><source type=\"audio\/mpeg\" src=\"https:\/\/www.ivoox.com\/viernes-chuncano-programa-n-81-3ra-parte_md_116884264_wp_1.mp3?_=6\" \/><a href=\"https:\/\/www.ivoox.com\/viernes-chuncano-programa-n-81-3ra-parte_md_116884264_wp_1.mp3\">https:\/\/www.ivoox.com\/viernes-chuncano-programa-n-81-3ra-parte_md_116884264_wp_1.mp3<\/a><\/audio>\n\n\n\n<p><strong> Programa n\u00b080 <\/strong><\/p>\n\n\n\n<p><strong>1 \u00b0 Parte<\/strong><\/p>\n\n\n\n<audio class=\"wp-audio-shortcode\" id=\"audio-8090-7\" preload=\"none\" style=\"width: 100%;\" controls=\"controls\"><source type=\"audio\/mpeg\" src=\"https:\/\/www.ivoox.com\/viernes-chuncano-programa-n-80-1_md_116263198_wp_1.mp3?_=7\" \/><a href=\"https:\/\/www.ivoox.com\/viernes-chuncano-programa-n-80-1_md_116263198_wp_1.mp3\">https:\/\/www.ivoox.com\/viernes-chuncano-programa-n-80-1_md_116263198_wp_1.mp3<\/a><\/audio>\n\n\n\n<p><strong>2 \u00b0 Parte<\/strong><\/p>\n\n\n\n<audio class=\"wp-audio-shortcode\" id=\"audio-8090-8\" preload=\"none\" style=\"width: 100%;\" controls=\"controls\"><source type=\"audio\/mpeg\" src=\"https:\/\/www.ivoox.com\/viernes-chuncano-programa-n-80-2-parte_md_116264007_wp_1.mp3?_=8\" \/><a href=\"https:\/\/www.ivoox.com\/viernes-chuncano-programa-n-80-2-parte_md_116264007_wp_1.mp3\">https:\/\/www.ivoox.com\/viernes-chuncano-programa-n-80-2-parte_md_116264007_wp_1.mp3<\/a><\/audio>\n\n\n\n<p><strong>3\u00b0 Parte <\/strong><\/p>\n\n\n\n<audio class=\"wp-audio-shortcode\" id=\"audio-8090-9\" preload=\"none\" style=\"width: 100%;\" controls=\"controls\"><source type=\"audio\/mpeg\" src=\"https:\/\/www.ivoox.com\/viernes-chuncano-programa-n-81-3ra-parte_md_116884264_wp_1.mp3?_=9\" \/><a href=\"https:\/\/www.ivoox.com\/viernes-chuncano-programa-n-81-3ra-parte_md_116884264_wp_1.mp3\">https:\/\/www.ivoox.com\/viernes-chuncano-programa-n-81-3ra-parte_md_116884264_wp_1.mp3<\/a><\/audio>\n\n\n\n<p><strong>Programa n\u00b083<\/strong><\/p>\n\n\n\n<p><strong>1\u00b0 Parte<\/strong><\/p>\n\n\n\n<audio class=\"wp-audio-shortcode\" id=\"audio-8090-10\" preload=\"none\" style=\"width: 100%;\" controls=\"controls\"><source type=\"audio\/mpeg\" src=\"https:\/\/www.ivoox.com\/viernes-chuncano-programa-n-83_md_116885173_wp_1.mp3?_=10\" \/><a href=\"https:\/\/www.ivoox.com\/viernes-chuncano-programa-n-83_md_116885173_wp_1.mp3\">https:\/\/www.ivoox.com\/viernes-chuncano-programa-n-83_md_116885173_wp_1.mp3<\/a><\/audio>\n\n\n\n<p><strong>2\u00b0 Parte<\/strong><\/p>\n\n\n\n<audio class=\"wp-audio-shortcode\" id=\"audio-8090-11\" preload=\"none\" style=\"width: 100%;\" controls=\"controls\"><source type=\"audio\/mpeg\" src=\"https:\/\/www.ivoox.com\/viernes-chuncano-programa-n-83-parte-2_md_116944616_wp_1.mp3?_=11\" \/><a href=\"https:\/\/www.ivoox.com\/viernes-chuncano-programa-n-83-parte-2_md_116944616_wp_1.mp3\">https:\/\/www.ivoox.com\/viernes-chuncano-programa-n-83-parte-2_md_116944616_wp_1.mp3<\/a><\/audio>\n\n\n\n<p><strong>3\u00b0 Parte <\/strong><\/p>\n\n\n\n<audio class=\"wp-audio-shortcode\" id=\"audio-8090-12\" preload=\"none\" style=\"width: 100%;\" controls=\"controls\"><source type=\"audio\/mpeg\" src=\"https:\/\/www.ivoox.com\/viernes-chuncano-programa-83-parte-3_md_116944950_wp_1.mp3?_=12\" \/><a href=\"https:\/\/www.ivoox.com\/viernes-chuncano-programa-83-parte-3_md_116944950_wp_1.mp3\">https:\/\/www.ivoox.com\/viernes-chuncano-programa-83-parte-3_md_116944950_wp_1.mp3<\/a><\/audio>\n\n\n\n<p><\/p>\n\n\n\n<p><strong>Programa 85<\/strong><\/p>\n\n\n\n<audio class=\"wp-audio-shortcode\" id=\"audio-8090-13\" preload=\"none\" style=\"width: 100%;\" controls=\"controls\"><source type=\"audio\/mpeg\" src=\"https:\/\/www.ivoox.com\/viernes-chuncano-programa-85-1ra-hora_md_118651757_wp_1.mp3?_=13\" \/><a href=\"https:\/\/www.ivoox.com\/viernes-chuncano-programa-85-1ra-hora_md_118651757_wp_1.mp3\">https:\/\/www.ivoox.com\/viernes-chuncano-programa-85-1ra-hora_md_118651757_wp_1.mp3<\/a><\/audio>\n\n\n\n<audio class=\"wp-audio-shortcode\" id=\"audio-8090-14\" preload=\"none\" style=\"width: 100%;\" controls=\"controls\"><source type=\"audio\/mpeg\" src=\"https:\/\/www.ivoox.com\/viernes-chuncano-programa-85-2da-hora_md_118651744_wp_1.mp3?_=14\" \/><a href=\"https:\/\/www.ivoox.com\/viernes-chuncano-programa-85-2da-hora_md_118651744_wp_1.mp3\">https:\/\/www.ivoox.com\/viernes-chuncano-programa-85-2da-hora_md_118651744_wp_1.mp3<\/a><\/audio>\n\n\n\n<p><strong>Programa 86 <\/strong><\/p>\n\n\n\n<p><strong>1\u00b0 Parte<\/strong><\/p>\n\n\n\n<audio class=\"wp-audio-shortcode\" id=\"audio-8090-15\" preload=\"none\" style=\"width: 100%;\" controls=\"controls\"><source type=\"audio\/mpeg\" src=\"https:\/\/www.ivoox.com\/viernes-chuncano-programa-86-27-10-2023-1ra_md_118651710_wp_1.mp3?_=15\" \/><a href=\"https:\/\/www.ivoox.com\/viernes-chuncano-programa-86-27-10-2023-1ra_md_118651710_wp_1.mp3\">https:\/\/www.ivoox.com\/viernes-chuncano-programa-86-27-10-2023-1ra_md_118651710_wp_1.mp3<\/a><\/audio>\n\n\n\n<p><strong>2\u00b0 Parte<\/strong><\/p>\n\n\n\n<audio class=\"wp-audio-shortcode\" id=\"audio-8090-16\" preload=\"none\" style=\"width: 100%;\" controls=\"controls\"><source type=\"audio\/mpeg\" src=\"https:\/\/www.ivoox.com\/viernes-chuncano-programa-86-27-10-2023-2da_md_118651689_wp_1.mp3?_=16\" \/><a href=\"https:\/\/www.ivoox.com\/viernes-chuncano-programa-86-27-10-2023-2da_md_118651689_wp_1.mp3\">https:\/\/www.ivoox.com\/viernes-chuncano-programa-86-27-10-2023-2da_md_118651689_wp_1.mp3<\/a><\/audio>\n\n\n\n<p><strong>3ra Parte<\/strong><\/p>\n\n\n\n<audio class=\"wp-audio-shortcode\" id=\"audio-8090-17\" preload=\"none\" style=\"width: 100%;\" controls=\"controls\"><source type=\"audio\/mpeg\" src=\"https:\/\/www.ivoox.com\/viernes-chuncano-programa-86-27-10-2023_md_118636128_wp_1.mp3?_=17\" \/><a href=\"https:\/\/www.ivoox.com\/viernes-chuncano-programa-86-27-10-2023_md_118636128_wp_1.mp3\">https:\/\/www.ivoox.com\/viernes-chuncano-programa-86-27-10-2023_md_118636128_wp_1.mp3<\/a><\/audio>\n\n\n\n<p><strong>Programa 87<\/strong><\/p>\n\n\n\n<audio class=\"wp-audio-shortcode\" id=\"audio-8090-18\" preload=\"none\" style=\"width: 100%;\" controls=\"controls\"><source type=\"audio\/mpeg\" src=\"https:\/\/www.ivoox.com\/viernes-chuncano-programa-87_md_119658023_wp_1.mp3?_=18\" \/><a href=\"https:\/\/www.ivoox.com\/viernes-chuncano-programa-87_md_119658023_wp_1.mp3\">https:\/\/www.ivoox.com\/viernes-chuncano-programa-87_md_119658023_wp_1.mp3<\/a><\/audio>\n\n\n\n<audio class=\"wp-audio-shortcode\" id=\"audio-8090-19\" preload=\"none\" style=\"width: 100%;\" controls=\"controls\"><source type=\"audio\/mpeg\" src=\"https:\/\/www.ivoox.com\/viernes-chuncano-programa-87_md_119658225_wp_1.mp3?_=19\" \/><a href=\"https:\/\/www.ivoox.com\/viernes-chuncano-programa-87_md_119658225_wp_1.mp3\">https:\/\/www.ivoox.com\/viernes-chuncano-programa-87_md_119658225_wp_1.mp3<\/a><\/audio>\n\n\n\n<p><strong>Programa 88<\/strong><\/p>\n\n\n\n<audio class=\"wp-audio-shortcode\" id=\"audio-8090-20\" preload=\"none\" style=\"width: 100%;\" controls=\"controls\"><source type=\"audio\/mpeg\" src=\"https:\/\/www.ivoox.com\/viernes-chuncano-programa-88-1ra-parte_md_120038459_wp_1.mp3?_=20\" \/><a href=\"https:\/\/www.ivoox.com\/viernes-chuncano-programa-88-1ra-parte_md_120038459_wp_1.mp3\">https:\/\/www.ivoox.com\/viernes-chuncano-programa-88-1ra-parte_md_120038459_wp_1.mp3<\/a><\/audio>\n\n\n\n<audio class=\"wp-audio-shortcode\" id=\"audio-8090-21\" preload=\"none\" style=\"width: 100%;\" controls=\"controls\"><source type=\"audio\/mpeg\" src=\"https:\/\/www.ivoox.com\/viernes-chuncano-programa-88-2da-parte_md_120038950_wp_1.mp3?_=21\" \/><a href=\"https:\/\/www.ivoox.com\/viernes-chuncano-programa-88-2da-parte_md_120038950_wp_1.mp3\">https:\/\/www.ivoox.com\/viernes-chuncano-programa-88-2da-parte_md_120038950_wp_1.mp3<\/a><\/audio>\n\n\n\n<audio class=\"wp-audio-shortcode\" id=\"audio-8090-22\" preload=\"none\" style=\"width: 100%;\" controls=\"controls\"><source type=\"audio\/mpeg\" src=\"https:\/\/www.ivoox.com\/viernes-chuncano-programa-88-3ra-parte_md_120039266_wp_1.mp3?_=22\" \/><a href=\"https:\/\/www.ivoox.com\/viernes-chuncano-programa-88-3ra-parte_md_120039266_wp_1.mp3\">https:\/\/www.ivoox.com\/viernes-chuncano-programa-88-3ra-parte_md_120039266_wp_1.mp3<\/a><\/audio>\n\n\n\n<p>Programa 90<\/p>\n\n\n\n<p>Parte 1 y 2 <\/p>\n\n\n\n<audio class=\"wp-audio-shortcode\" id=\"audio-8090-23\" preload=\"none\" style=\"width: 100%;\" controls=\"controls\"><source type=\"audio\/mpeg\" src=\"https:\/\/www.ivoox.com\/viernes-chuncano-programa-90-parte-1_md_120821152_wp_1.mp3?_=23\" \/><a href=\"https:\/\/www.ivoox.com\/viernes-chuncano-programa-90-parte-1_md_120821152_wp_1.mp3\">https:\/\/www.ivoox.com\/viernes-chuncano-programa-90-parte-1_md_120821152_wp_1.mp3<\/a><\/audio>\n\n\n\n<p>Parte 3 <\/p>\n\n\n\n<audio class=\"wp-audio-shortcode\" id=\"audio-8090-24\" preload=\"none\" style=\"width: 100%;\" controls=\"controls\"><source type=\"audio\/mpeg\" src=\"https:\/\/www.ivoox.com\/viernes-chuncano-programa-90-parte-3_md_120821874_wp_1.mp3?_=24\" \/><a href=\"https:\/\/www.ivoox.com\/viernes-chuncano-programa-90-parte-3_md_120821874_wp_1.mp3\">https:\/\/www.ivoox.com\/viernes-chuncano-programa-90-parte-3_md_120821874_wp_1.mp3<\/a><\/audio>\n","protected":false},"excerpt":{"rendered":"<p>Escuchanos en el aire de la 107.7 todos los Viernes de 11 a 14 hs. Producci\u00f3n y Conducci\u00f3n : Vir Artaza Operaci\u00f3n T\u00e9cnica : Nadia Campos Programa n\u00b079 1\u00b0 Parte 2\u00b0 Parte 3\u00b0 Parte Programa n\u00b0 81 1\u00b0Parte 2\u00b0Parte 3\u00b0Parte Programa n\u00b080 1 \u00b0 Parte 2 \u00b0 Parte 3\u00b0 Parte Programa n\u00b083 1\u00b0 Parte 2\u00b0&hellip;&nbsp;<a href=\"https:\/\/radioferroviaria.com.ar\/?page_id=8090\" class=\"\" rel=\"bookmark\">Read More &raquo;<span class=\"screen-reader-text\">Viernes Chuncano<\/span><\/a><\/p>\n","protected":false},"author":1,"featured_media":0,"parent":0,"menu_order":0,"comment_status":"closed","ping_status":"closed","template":"","meta":{"neve_meta_sidebar":"","neve_meta_container":"","neve_meta_enable_content_width":"","neve_meta_content_width":0,"neve_meta_title_alignment":"","neve_meta_author_avatar":"","neve_post_elements_order":"","neve_meta_disable_header":"","neve_meta_disable_footer":"","neve_meta_disable_title":"","footnotes":""},"class_list":["post-8090","page","type-page","status-publish","hentry"],"yoast_head":"<!-- This site is optimized with the Yoast SEO plugin v25.0 - https:\/\/yoast.com\/wordpress\/plugins\/seo\/ -->\n<title>Viernes Chuncano - Radio Ferroviaria<\/title>\n<meta name=\"robots\" content=\"index, follow, max-snippet:-1, max-image-preview:large, max-video-preview:-1\" \/>\n<link rel=\"canonical\" href=\"https:\/\/radioferroviaria.com.ar\/?page_id=8090\" \/>\n<meta property=\"og:locale\" content=\"es_ES\" \/>\n<meta property=\"og:type\" content=\"article\" \/>\n<meta property=\"og:title\" content=\"Viernes Chuncano - Radio Ferroviaria\" \/>\n<meta property=\"og:description\" content=\"Escuchanos en el aire de la 107.7 todos los Viernes de 11 a 14 hs. Producci\u00f3n y Conducci\u00f3n : Vir Artaza Operaci\u00f3n T\u00e9cnica : Nadia Campos Programa n\u00b079 1\u00b0 Parte 2\u00b0 Parte 3\u00b0 Parte Programa n\u00b0 81 1\u00b0Parte 2\u00b0Parte 3\u00b0Parte Programa n\u00b080 1 \u00b0 Parte 2 \u00b0 Parte 3\u00b0 Parte Programa n\u00b083 1\u00b0 Parte 2\u00b0&hellip;&nbsp;Read More &raquo;Viernes Chuncano\" \/>\n<meta property=\"og:url\" content=\"https:\/\/radioferroviaria.com.ar\/?page_id=8090\" \/>\n<meta property=\"og:site_name\" content=\"Radio Ferroviaria\" \/>\n<meta property=\"og:image\" content=\"https:\/\/radiocentralferroviaria.files.wordpress.com\/2023\/09\/whatsapp-image-2023-09-01-at-11.14.03.jpeg?w=1024\" \/>\n<meta name=\"twitter:card\" content=\"summary_large_image\" \/>\n<meta name=\"twitter:label1\" content=\"Est. reading time\" \/>\n\t<meta name=\"twitter:data1\" content=\"2 minutos\" \/>\n<script type=\"application\/ld+json\" class=\"yoast-schema-graph\">{\"@context\":\"https:\/\/schema.org\",\"@graph\":[{\"@type\":\"WebPage\",\"@id\":\"https:\/\/radioferroviaria.com.ar\/?page_id=8090\",\"url\":\"https:\/\/radioferroviaria.com.ar\/?page_id=8090\",\"name\":\"Viernes Chuncano - Radio Ferroviaria\",\"isPartOf\":{\"@id\":\"https:\/\/radioferroviaria.com.ar\/#website\"},\"primaryImageOfPage\":{\"@id\":\"https:\/\/radioferroviaria.com.ar\/?page_id=8090#primaryimage\"},\"image\":{\"@id\":\"https:\/\/radioferroviaria.com.ar\/?page_id=8090#primaryimage\"},\"thumbnailUrl\":\"https:\/\/radiocentralferroviaria.files.wordpress.com\/2023\/09\/whatsapp-image-2023-09-01-at-11.14.03.jpeg?w=1024\",\"datePublished\":\"2023-09-19T17:35:53+00:00\",\"breadcrumb\":{\"@id\":\"https:\/\/radioferroviaria.com.ar\/?page_id=8090#breadcrumb\"},\"inLanguage\":\"es-AR\",\"potentialAction\":[{\"@type\":\"ReadAction\",\"target\":[\"https:\/\/radioferroviaria.com.ar\/?page_id=8090\"]}]},{\"@type\":\"ImageObject\",\"inLanguage\":\"es-AR\",\"@id\":\"https:\/\/radioferroviaria.com.ar\/?page_id=8090#primaryimage\",\"url\":\"https:\/\/radiocentralferroviaria.files.wordpress.com\/2023\/09\/whatsapp-image-2023-09-01-at-11.14.03.jpeg?w=1024\",\"contentUrl\":\"https:\/\/radiocentralferroviaria.files.wordpress.com\/2023\/09\/whatsapp-image-2023-09-01-at-11.14.03.jpeg?w=1024\"},{\"@type\":\"BreadcrumbList\",\"@id\":\"https:\/\/radioferroviaria.com.ar\/?page_id=8090#breadcrumb\",\"itemListElement\":[{\"@type\":\"ListItem\",\"position\":1,\"name\":\"Home\",\"item\":\"https:\/\/radioferroviaria.com.ar\/\"},{\"@type\":\"ListItem\",\"position\":2,\"name\":\"Viernes Chuncano\"}]},{\"@type\":\"WebSite\",\"@id\":\"https:\/\/radioferroviaria.com.ar\/#website\",\"url\":\"https:\/\/radioferroviaria.com.ar\/\",\"name\":\"Radio Ferroviaria\",\"description\":\"\",\"publisher\":{\"@id\":\"https:\/\/radioferroviaria.com.ar\/#organization\"},\"potentialAction\":[{\"@type\":\"SearchAction\",\"target\":{\"@type\":\"EntryPoint\",\"urlTemplate\":\"https:\/\/radioferroviaria.com.ar\/?s={search_term_string}\"},\"query-input\":{\"@type\":\"PropertyValueSpecification\",\"valueRequired\":true,\"valueName\":\"search_term_string\"}}],\"inLanguage\":\"es-AR\"},{\"@type\":\"Organization\",\"@id\":\"https:\/\/radioferroviaria.com.ar\/#organization\",\"name\":\"Radio Ferroviaria\",\"url\":\"https:\/\/radioferroviaria.com.ar\/\",\"logo\":{\"@type\":\"ImageObject\",\"inLanguage\":\"es-AR\",\"@id\":\"https:\/\/radioferroviaria.com.ar\/#\/schema\/logo\/image\/\",\"url\":\"https:\/\/radioferroviaria.com.ar\/wp-content\/uploads\/2024\/09\/7ba3f77d-45cd-4a3b-aee1-be8601470f15.jpg\",\"contentUrl\":\"https:\/\/radioferroviaria.com.ar\/wp-content\/uploads\/2024\/09\/7ba3f77d-45cd-4a3b-aee1-be8601470f15.jpg\",\"width\":376,\"height\":382,\"caption\":\"Radio Ferroviaria\"},\"image\":{\"@id\":\"https:\/\/radioferroviaria.com.ar\/#\/schema\/logo\/image\/\"}}]}<\/script>\n<!-- \/ Yoast SEO plugin. -->","yoast_head_json":{"title":"Viernes Chuncano - Radio Ferroviaria","robots":{"index":"index","follow":"follow","max-snippet":"max-snippet:-1","max-image-preview":"max-image-preview:large","max-video-preview":"max-video-preview:-1"},"canonical":"https:\/\/radioferroviaria.com.ar\/?page_id=8090","og_locale":"es_ES","og_type":"article","og_title":"Viernes Chuncano - Radio Ferroviaria","og_description":"Escuchanos en el aire de la 107.7 todos los Viernes de 11 a 14 hs. Producci\u00f3n y Conducci\u00f3n : Vir Artaza Operaci\u00f3n T\u00e9cnica : Nadia Campos Programa n\u00b079 1\u00b0 Parte 2\u00b0 Parte 3\u00b0 Parte Programa n\u00b0 81 1\u00b0Parte 2\u00b0Parte 3\u00b0Parte Programa n\u00b080 1 \u00b0 Parte 2 \u00b0 Parte 3\u00b0 Parte Programa n\u00b083 1\u00b0 Parte 2\u00b0&hellip;&nbsp;Read More &raquo;Viernes Chuncano","og_url":"https:\/\/radioferroviaria.com.ar\/?page_id=8090","og_site_name":"Radio Ferroviaria","og_image":[{"url":"https:\/\/radiocentralferroviaria.files.wordpress.com\/2023\/09\/whatsapp-image-2023-09-01-at-11.14.03.jpeg?w=1024","type":"","width":"","height":""}],"twitter_card":"summary_large_image","twitter_misc":{"Est. reading time":"2 minutos"},"schema":{"@context":"https:\/\/schema.org","@graph":[{"@type":"WebPage","@id":"https:\/\/radioferroviaria.com.ar\/?page_id=8090","url":"https:\/\/radioferroviaria.com.ar\/?page_id=8090","name":"Viernes Chuncano - Radio Ferroviaria","isPartOf":{"@id":"https:\/\/radioferroviaria.com.ar\/#website"},"primaryImageOfPage":{"@id":"https:\/\/radioferroviaria.com.ar\/?page_id=8090#primaryimage"},"image":{"@id":"https:\/\/radioferroviaria.com.ar\/?page_id=8090#primaryimage"},"thumbnailUrl":"https:\/\/radiocentralferroviaria.files.wordpress.com\/2023\/09\/whatsapp-image-2023-09-01-at-11.14.03.jpeg?w=1024","datePublished":"2023-09-19T17:35:53+00:00","breadcrumb":{"@id":"https:\/\/radioferroviaria.com.ar\/?page_id=8090#breadcrumb"},"inLanguage":"es-AR","potentialAction":[{"@type":"ReadAction","target":["https:\/\/radioferroviaria.com.ar\/?page_id=8090"]}]},{"@type":"ImageObject","inLanguage":"es-AR","@id":"https:\/\/radioferroviaria.com.ar\/?page_id=8090#primaryimage","url":"https:\/\/radiocentralferroviaria.files.wordpress.com\/2023\/09\/whatsapp-image-2023-09-01-at-11.14.03.jpeg?w=1024","contentUrl":"https:\/\/radiocentralferroviaria.files.wordpress.com\/2023\/09\/whatsapp-image-2023-09-01-at-11.14.03.jpeg?w=1024"},{"@type":"BreadcrumbList","@id":"https:\/\/radioferroviaria.com.ar\/?page_id=8090#breadcrumb","itemListElement":[{"@type":"ListItem","position":1,"name":"Home","item":"https:\/\/radioferroviaria.com.ar\/"},{"@type":"ListItem","position":2,"name":"Viernes Chuncano"}]},{"@type":"WebSite","@id":"https:\/\/radioferroviaria.com.ar\/#website","url":"https:\/\/radioferroviaria.com.ar\/","name":"Radio Ferroviaria","description":"","publisher":{"@id":"https:\/\/radioferroviaria.com.ar\/#organization"},"potentialAction":[{"@type":"SearchAction","target":{"@type":"EntryPoint","urlTemplate":"https:\/\/radioferroviaria.com.ar\/?s={search_term_string}"},"query-input":{"@type":"PropertyValueSpecification","valueRequired":true,"valueName":"search_term_string"}}],"inLanguage":"es-AR"},{"@type":"Organization","@id":"https:\/\/radioferroviaria.com.ar\/#organization","name":"Radio Ferroviaria","url":"https:\/\/radioferroviaria.com.ar\/","logo":{"@type":"ImageObject","inLanguage":"es-AR","@id":"https:\/\/radioferroviaria.com.ar\/#\/schema\/logo\/image\/","url":"https:\/\/radioferroviaria.com.ar\/wp-content\/uploads\/2024\/09\/7ba3f77d-45cd-4a3b-aee1-be8601470f15.jpg","contentUrl":"https:\/\/radioferroviaria.com.ar\/wp-content\/uploads\/2024\/09\/7ba3f77d-45cd-4a3b-aee1-be8601470f15.jpg","width":376,"height":382,"caption":"Radio Ferroviaria"},"image":{"@id":"https:\/\/radioferroviaria.com.ar\/#\/schema\/logo\/image\/"}}]}},"_links":{"self":[{"href":"https:\/\/radioferroviaria.com.ar\/index.php?rest_route=\/wp\/v2\/pages\/8090","targetHints":{"allow":["GET"]}}],"collection":[{"href":"https:\/\/radioferroviaria.com.ar\/index.php?rest_route=\/wp\/v2\/pages"}],"about":[{"href":"https:\/\/radioferroviaria.com.ar\/index.php?rest_route=\/wp\/v2\/types\/page"}],"author":[{"embeddable":true,"href":"https:\/\/radioferroviaria.com.ar\/index.php?rest_route=\/wp\/v2\/users\/1"}],"replies":[{"embeddable":true,"href":"https:\/\/radioferroviaria.com.ar\/index.php?rest_route=%2Fwp%2Fv2%2Fcomments&post=8090"}],"version-history":[{"count":0,"href":"https:\/\/radioferroviaria.com.ar\/index.php?rest_route=\/wp\/v2\/pages\/8090\/revisions"}],"wp:attachment":[{"href":"https:\/\/radioferroviaria.com.ar\/index.php?rest_route=%2Fwp%2Fv2%2Fmedia&parent=8090"}],"curies":[{"name":"wp","href":"https:\/\/api.w.org\/{rel}","templated":true}]}}